{"id":1227,"date":"2023-02-15T16:38:02","date_gmt":"2023-02-15T16:38:02","guid":{"rendered":"https:\/\/zukunftsarchiv.org\/?page_id=1227"},"modified":"2025-04-18T23:26:31","modified_gmt":"2025-04-18T23:26:31","slug":"dina-richert","status":"publish","type":"page","link":"https:\/\/zukunftsarchiv.org\/it\/dina-richert\/","title":{"rendered":"Dina-Marie Richert"},"content":{"rendered":"","protected":false},"excerpt":{"rendered":"","protected":false},"author":1,"featured_media":0,"parent":0,"menu_order":9,"comment_status":"closed","ping_status":"closed","template":"","meta":[],"class_list":["post-1227","page","type-page","status-publish","hentry"],"grid":"{\r\n  \"colCount\": 12,\r\n  \"colGutter\": 1,\r\n  \"rowGutters\": [],\r\n  \"frameMargin\": 5,\r\n  \"leftFrameMargin\": 16,\r\n  \"rightFrameMargin\": 3,\r\n  \"topFrameMargin\": 3,\r\n  \"bottomFrameMargin\": 7,\r\n  \"rowAttrs\": [\r\n    {\r\n      \"relid\": 4\r\n    }\r\n  ],\r\n  \"bgColor\": null,\r\n  \"bgImage\": null,\r\n  \"cont\": [\r\n    {\r\n      \"type\": \"text\",\r\n      \"cont\": \"<p class=\\\"_Subheadlines\\\"><span style=\\\"font-family: XanhMono-Regular;\\\">Dina-Marie Richert (sie\/ihr)<\/span><\/p><p>\u00a0<\/p><p>Dina interessiert vor allem, wie gro\u00dfe Fragen und kritische Analyse zu konkretem Handeln wird. Sie probiert gerne neue Formate aus, moderiert und entwirft Konzepte f\u00fcr Veranstaltungen. Au\u00dferdem ist Dina gerne w\u00fctend, seitem sie zu gesellschaftlichen Umgang und feministischen Perspektiven auf Wut forscht. Derzeit Arbeit sie in verschiedenen Projekten in Hannover unter anderem bei kargah e.V. und ist freie Gestalterin.<\/p><p>Momentan in: Hannover<\/p><p>Kontakt: dm.richert (at) gmx.de<\/p>\",\r\n      \"align\": \"top\",\r\n      \"row\": 0,\r\n      \"col\": 6,\r\n      \"colspan\": 6,\r\n      \"offsetx\": 0,\r\n      \"offsety\": 0,\r\n      \"spaceabove\": 0,\r\n      \"spacebelow\": 0,\r\n      \"yvel\": 1,\r\n      \"push\": 6,\r\n      \"relid\": 5,\r\n      \"absolute_position\": false\r\n    }\r\n  ]\r\n}","phonegrid":"","_links":{"self":[{"href":"https:\/\/zukunftsarchiv.org\/it\/wp-json\/wp\/v2\/pages\/1227","targetHints":{"allow":["GET"]}}],"collection":[{"href":"https:\/\/zukunftsarchiv.org\/it\/wp-json\/wp\/v2\/pages"}],"about":[{"href":"https:\/\/zukunftsarchiv.org\/it\/wp-json\/wp\/v2\/types\/page"}],"author":[{"embeddable":true,"href":"https:\/\/zukunftsarchiv.org\/it\/wp-json\/wp\/v2\/users\/1"}],"replies":[{"embeddable":true,"href":"https:\/\/zukunftsarchiv.org\/it\/wp-json\/wp\/v2\/comments?post=1227"}],"version-history":[{"count":0,"href":"https:\/\/zukunftsarchiv.org\/it\/wp-json\/wp\/v2\/pages\/1227\/revisions"}],"wp:attachment":[{"href":"https:\/\/zukunftsarchiv.org\/it\/wp-json\/wp\/v2\/media?parent=1227"}],"curies":[{"name":"wp","href":"https:\/\/api.w.org\/{rel}","templated":true}]}}