{"id":1226,"date":"2023-02-15T16:32:28","date_gmt":"2023-02-15T16:32:28","guid":{"rendered":"https:\/\/zukunftsarchiv.org\/?page_id=1226"},"modified":"2025-04-18T23:25:19","modified_gmt":"2025-04-18T23:25:19","slug":"kristina-fromm","status":"publish","type":"page","link":"https:\/\/zukunftsarchiv.org\/it\/kristina-fromm\/","title":{"rendered":"Kristina Fromm"},"content":{"rendered":"","protected":false},"excerpt":{"rendered":"","protected":false},"author":1,"featured_media":0,"parent":0,"menu_order":10,"comment_status":"closed","ping_status":"closed","template":"","meta":[],"class_list":["post-1226","page","type-page","status-publish","hentry"],"grid":"{\r\n  \"colCount\": 12,\r\n  \"colGutter\": 1,\r\n  \"rowGutters\": [],\r\n  \"frameMargin\": 5,\r\n  \"leftFrameMargin\": 16,\r\n  \"rightFrameMargin\": 3,\r\n  \"topFrameMargin\": 3,\r\n  \"bottomFrameMargin\": 7,\r\n  \"rowAttrs\": [\r\n    {\r\n      \"relid\": 4\r\n    }\r\n  ],\r\n  \"bgColor\": null,\r\n  \"bgImage\": null,\r\n  \"cont\": [\r\n    {\r\n      \"type\": \"text\",\r\n      \"cont\": \"<p><span style=\\\"font-family: XanhMono-Regular;\\\">Kristina Fromm (sie\/ihr)<\/span><\/p><p>\u00a0<\/p><p>Kristina Fromm arbeitet als Gestalterin, Forscherin, Lehrende sowie Kulturelle und Politische Bildnerin im Bereich gesellschaftlicher, emanzipatorischer und nachhaltiger Transformationen. Aktuell forscht sie zu rechten R\u00e4umen und demokratischen Gegenentw\u00fcrfen f\u00fcr eine antirassistische Stadtgestaltung.<\/p><p>Zuletzt arbeite sie als wissenschaftliche Mitarbeiterin an der <em>Bundesakademie f\u00fcr Kulturelle Bildung Wolfenb\u00fcttel<\/em> im Projekt \u201eKuBiDemo. Kulturelle Bildung als Demokratiebildung\u201c, in dem sie in Kooperation mit der <em>Universit\u00e4t Hildesheim<\/em> das demokratisierende Potential der Kulturellen Bildung erforscht und sichtbar gemacht hat. Zuvor entwickelte Sie im Projekt \u201eDive in. Programm f\u00fcr digitale Interaktionen\u201c - ebenfalls an der Bundesakademie -\u00a0 ein Qualifizierungsprogramm, das Kulturinstitutionen in ihrer digitalen Vermittlungsarbeit unterst\u00fctzt sowie die Frage nach einer ad\u00e4quaten Kulturarbeit im Digitalen gestellt hat. Als Lehrbeauftragte untersuchte sie zusammen mit Studierenden an der <em>Hochschule f\u00fcr Bildende K\u00fcnste Braunschweig <\/em>(HBK) feministische Heterotopien und deren Gestaltung. Sie studierte Transformation Design an der <em>HBK Braunschweig<\/em> sowie Kunstgeschichte und Philosophie an der <em>Universit\u00e4t Wien<\/em> und der <em>Universidad Aut\u00f3noma de Madrid<\/em>. Daneben hat sie eine Weiterbildung zur Change Managerin an der <em>IU Internationale Hochschule absolviert.<\/em><\/p><p>\u00a0<\/p><p>Momentan in: Hannover<\/p><p>Kontakt: mail (at) zukunftsarchiv.org<\/p><p>\u00a0<\/p><p>\u00a0<\/p>\",\r\n      \"align\": \"top\",\r\n      \"row\": 0,\r\n      \"col\": 6,\r\n      \"colspan\": 6,\r\n      \"offsetx\": 0,\r\n      \"offsety\": 0,\r\n      \"spaceabove\": 0,\r\n      \"spacebelow\": 0,\r\n      \"yvel\": 1,\r\n      \"push\": 6,\r\n      \"relid\": 5,\r\n      \"absolute_position\": false\r\n    }\r\n  ]\r\n}","phonegrid":"","_links":{"self":[{"href":"https:\/\/zukunftsarchiv.org\/it\/wp-json\/wp\/v2\/pages\/1226","targetHints":{"allow":["GET"]}}],"collection":[{"href":"https:\/\/zukunftsarchiv.org\/it\/wp-json\/wp\/v2\/pages"}],"about":[{"href":"https:\/\/zukunftsarchiv.org\/it\/wp-json\/wp\/v2\/types\/page"}],"author":[{"embeddable":true,"href":"https:\/\/zukunftsarchiv.org\/it\/wp-json\/wp\/v2\/users\/1"}],"replies":[{"embeddable":true,"href":"https:\/\/zukunftsarchiv.org\/it\/wp-json\/wp\/v2\/comments?post=1226"}],"version-history":[{"count":0,"href":"https:\/\/zukunftsarchiv.org\/it\/wp-json\/wp\/v2\/pages\/1226\/revisions"}],"wp:attachment":[{"href":"https:\/\/zukunftsarchiv.org\/it\/wp-json\/wp\/v2\/media?parent=1226"}],"curies":[{"name":"wp","href":"https:\/\/api.w.org\/{rel}","templated":true}]}}