{"id":1223,"date":"2023-02-15T16:19:29","date_gmt":"2023-02-15T16:19:29","guid":{"rendered":"https:\/\/zukunftsarchiv.org\/?page_id=1223"},"modified":"2025-07-16T21:03:37","modified_gmt":"2025-07-16T21:03:37","slug":"flora-mammana","status":"publish","type":"page","link":"https:\/\/zukunftsarchiv.org\/it\/flora-mammana\/","title":{"rendered":"Flora Mammana"},"content":{"rendered":"","protected":false},"excerpt":{"rendered":"","protected":false},"author":1,"featured_media":0,"parent":0,"menu_order":13,"comment_status":"closed","ping_status":"closed","template":"","meta":[],"class_list":["post-1223","page","type-page","status-publish","hentry"],"grid":"{\r\n  \"colCount\": 12,\r\n  \"colGutter\": 1,\r\n  \"rowGutters\": [],\r\n  \"frameMargin\": 5,\r\n  \"leftFrameMargin\": 16,\r\n  \"rightFrameMargin\": 3,\r\n  \"topFrameMargin\": 3,\r\n  \"bottomFrameMargin\": 7,\r\n  \"rowAttrs\": [\r\n    {\r\n      \"relid\": 4\r\n    }\r\n  ],\r\n  \"bgColor\": null,\r\n  \"bgImage\": null,\r\n  \"cont\": [\r\n    {\r\n      \"type\": \"text\",\r\n      \"cont\": \"<p><span><span style=\\\"font-family: XanhMono-Regular;\\\">Flora Mammana (sie\/ihr)<\/span> <br \/><\/span><\/p><p>\u00a0<\/p><p>Flora Mammana ist als Community-Organisatorin, Lehrbeauftragte und freie Gestalterin in den norditalienischen Alpen und dar\u00fcber hinaus t\u00e4tig. Ihre Arbeit bezieht in der Regel viele andere mit ein und verbindet Personen, Orte und Ideen, um solidarische Formen des Lebens und der Existenzsicherung zu entwerfen und zu verwirklichen. Flora interessiert sich besonders f\u00fcr die Kultivierung vielf\u00e4ltiger feministischer sozialer R\u00e4ume, sowie die kritische Auseinandersetzung mit gemeinschaftlichen Lebensunterhaltspraktiken (Commons). Derzeit kartiert Flora mit dem Verein La Foresta \u2013 Accademia di comunit\u00e0 das verbliebene Gemeinschaftsland im Trentino und aktiviert gemeinsam mit diversen Vereinen einen Biodiversit\u00e4ts-Kiosk im Bahnhof Rovereto innerhalb des EUI-Projekts \\\"Station for Transformation\\\".<\/p><p><span><a rel=\\\"noopener\\\" href=\\\"https:\/\/www.instagram.com\/forno_vagabondo\/\\\" target=\\\"_blank\\\" data-id=\\\"0\\\">forno vagabondo<\/a><\/span><span><br \/><\/span><span><a rel=\\\"noopener\\\" href=\\\"https:\/\/laforesta.net\/\\\" target=\\\"_blank\\\" data-id=\\\"0\\\">la foresta<\/a><\/span><\/p><p>Momentan in: Trentino, Italien<\/p><p>Kontakt: <span>mammanaflora (at) gmail.com<\/span><\/p>\",\r\n      \"align\": \"top\",\r\n      \"row\": 0,\r\n      \"col\": 6,\r\n      \"colspan\": 6,\r\n      \"offsetx\": 0,\r\n      \"offsety\": 0,\r\n      \"spaceabove\": 0,\r\n      \"spacebelow\": 0,\r\n      \"yvel\": 1,\r\n      \"push\": 6,\r\n      \"relid\": 5,\r\n      \"absolute_position\": false,\r\n      \"frameOverflow\": \"\"\r\n    }\r\n  ]\r\n}","phonegrid":"","_links":{"self":[{"href":"https:\/\/zukunftsarchiv.org\/it\/wp-json\/wp\/v2\/pages\/1223","targetHints":{"allow":["GET"]}}],"collection":[{"href":"https:\/\/zukunftsarchiv.org\/it\/wp-json\/wp\/v2\/pages"}],"about":[{"href":"https:\/\/zukunftsarchiv.org\/it\/wp-json\/wp\/v2\/types\/page"}],"author":[{"embeddable":true,"href":"https:\/\/zukunftsarchiv.org\/it\/wp-json\/wp\/v2\/users\/1"}],"replies":[{"embeddable":true,"href":"https:\/\/zukunftsarchiv.org\/it\/wp-json\/wp\/v2\/comments?post=1223"}],"version-history":[{"count":0,"href":"https:\/\/zukunftsarchiv.org\/it\/wp-json\/wp\/v2\/pages\/1223\/revisions"}],"wp:attachment":[{"href":"https:\/\/zukunftsarchiv.org\/it\/wp-json\/wp\/v2\/media?parent=1223"}],"curies":[{"name":"wp","href":"https:\/\/api.w.org\/{rel}","templated":true}]}}