{"id":1027,"date":"2023-01-09T22:41:30","date_gmt":"2023-01-09T22:41:30","guid":{"rendered":"https:\/\/zukunftsarchiv.org\/?page_id=1027"},"modified":"2024-03-26T12:15:20","modified_gmt":"2024-03-26T12:15:20","slug":"spenden","status":"publish","type":"page","link":"https:\/\/zukunftsarchiv.org\/it\/spenden\/","title":{"rendered":"Spenden"},"content":{"rendered":"","protected":false},"excerpt":{"rendered":"","protected":false},"author":1,"featured_media":0,"parent":0,"menu_order":6,"comment_status":"closed","ping_status":"closed","template":"","meta":[],"class_list":["post-1027","page","type-page","status-publish","hentry"],"grid":"{\r\n  \"colCount\": 12,\r\n  \"colGutter\": 1,\r\n  \"rowGutters\": [\r\n    2,\r\n    2\r\n  ],\r\n  \"frameMargin\": 5,\r\n  \"leftFrameMargin\": 17,\r\n  \"rightFrameMargin\": 3,\r\n  \"topFrameMargin\": 3,\r\n  \"bottomFrameMargin\": 7,\r\n  \"rowAttrs\": [\r\n    {\r\n      \"relid\": 4\r\n    },\r\n    {\r\n      \"relid\": 10\r\n    },\r\n    {\r\n      \"relid\": 8\r\n    }\r\n  ],\r\n  \"bgColor\": null,\r\n  \"bgImage\": null,\r\n  \"cont\": [\r\n    {\r\n      \"type\": \"text\",\r\n      \"cont\": \"<p class=\\\"_KleinMonospace\\\"><span>Spendenkonto<\/span><\/p><p class=\\\"_KleinMonospace\\\"><span>Zukunftsarchiv e.V.<\/span><span><br \/><\/span><span>IBAN: DE88 4306 0967 1294 5300 00<\/span><span><br \/><\/span><span>BIC: GENODEM1GLS<\/span><span><br \/><\/span><span>Verwendungszweck: Spende<\/span><\/p>\",\r\n      \"align\": \"top\",\r\n      \"row\": 0,\r\n      \"col\": 0,\r\n      \"colspan\": 3,\r\n      \"offsetx\": 0,\r\n      \"offsety\": 0,\r\n      \"spaceabove\": 0,\r\n      \"spacebelow\": 0,\r\n      \"yvel\": 1,\r\n      \"push\": 0,\r\n      \"relid\": 7,\r\n      \"absolute_position\": false,\r\n      \"frameOverflow\": \"\"\r\n    },\r\n    {\r\n      \"type\": \"vl\",\r\n      \"cont\": \"\",\r\n      \"align\": \"top\",\r\n      \"row\": 0,\r\n      \"col\": 3,\r\n      \"colspan\": 0,\r\n      \"offsetx\": 0,\r\n      \"offsety\": 0,\r\n      \"spaceabove\": 0,\r\n      \"spacebelow\": 0,\r\n      \"yvel\": 1,\r\n      \"push\": 3,\r\n      \"relid\": 6,\r\n      \"absolute_position\": true,\r\n      \"placeAtEndOfCol\": false\r\n    },\r\n    {\r\n      \"type\": \"text\",\r\n      \"cont\": \"<p>Wir freuen uns sehr, wenn ihr unsere Arbeit unterst\u00fctzt!<\/p><p>Eure Spenden erm\u00f6glichen uns, Kosten wie Material- und Druckkosten, IT-Infrastruktur, Fahrtkosten und Honorare zu decken. Sie helfen uns, weiterhin kostenlose Teilnahme an unseren Veranstaltungen\/ Workshops und solidarische Preisstaffelungen anzubieten. Dauerhafte Spenden geben uns Planungssicherheit, unabh\u00e4ngig von F\u00f6rderlogiken.<\/p>\",\r\n      \"align\": \"top\",\r\n      \"row\": 0,\r\n      \"col\": 4,\r\n      \"colspan\": 8,\r\n      \"offsetx\": 0,\r\n      \"offsety\": 0,\r\n      \"spaceabove\": 0,\r\n      \"spacebelow\": 0,\r\n      \"yvel\": 1,\r\n      \"push\": 1,\r\n      \"relid\": 5,\r\n      \"absolute_position\": false,\r\n      \"frameOverflow\": \"\"\r\n    },\r\n    {\r\n      \"type\": \"hr\",\r\n      \"cont\": \"\",\r\n      \"align\": \"middle\",\r\n      \"row\": 1,\r\n      \"col\": 3,\r\n      \"colspan\": 9,\r\n      \"offsetx\": 0,\r\n      \"offsety\": 0,\r\n      \"spaceabove\": 0,\r\n      \"spacebelow\": 0,\r\n      \"yvel\": 1,\r\n      \"push\": 3,\r\n      \"relid\": 11,\r\n      \"absolute_position\": false,\r\n      \"frameOverflow\": \"right\"\r\n    },\r\n    {\r\n      \"type\": \"text\",\r\n      \"cont\": \"<p><span>Ihr selbst entscheidet, ob ihr einmalig oder dauerhaft (monatlich oder j\u00e4hrlich) spenden wollt. Ihr k\u00f6nnt eure F\u00f6rderung jederzeit und fristlos beenden. Jede noch so kleine Spende ist f\u00fcr uns eine gro\u00dfe Unterst\u00fctzung!<\/span><\/p><p><span>Der Zukunftsarchiv e.V. ist als gemeinn\u00fctzig anerkannt, ihr k\u00f6nnt also eure Spende an uns steuerlich absetzen. Ab einer Spende von 300\u20ac bekommt ihr eine Spendenquittung von uns. F\u00fcr eine Spende unter 300\u20ac ladet euch bitte diese <\/span><a rel=\\\"noopener\\\" href=\\\"https:\/\/zukunftsarchiv.org\/wp-content\/uploads\/2023\/03\/Zukunftsarchiv_Vereinfachte-Zuwendungsbestaetigung.pdf\\\" target=\\\"_blank\\\"><span>Zuwendungsbest\u00e4tigung<\/span><\/a><span> f\u00fcr eure Unterlagen.<\/span><\/p><p><span>Bei Fragen zum Spenden, schreibt uns gerne eine Mail:<\/span><span><br \/><\/span><span>mail (at) zukunftsarchiv.org<br \/><\/span><span>Betreff: Spende<\/span><\/p>\",\r\n      \"align\": \"top\",\r\n      \"row\": 2,\r\n      \"col\": 4,\r\n      \"colspan\": 8,\r\n      \"offsetx\": 0,\r\n      \"offsety\": 0,\r\n      \"spaceabove\": 0,\r\n      \"spacebelow\": 0,\r\n      \"yvel\": 1,\r\n      \"push\": 4,\r\n      \"relid\": 9,\r\n      \"absolute_position\": false,\r\n      \"frameOverflow\": \"\"\r\n    }\r\n  ]\r\n}","phonegrid":"","_links":{"self":[{"href":"https:\/\/zukunftsarchiv.org\/it\/wp-json\/wp\/v2\/pages\/1027","targetHints":{"allow":["GET"]}}],"collection":[{"href":"https:\/\/zukunftsarchiv.org\/it\/wp-json\/wp\/v2\/pages"}],"about":[{"href":"https:\/\/zukunftsarchiv.org\/it\/wp-json\/wp\/v2\/types\/page"}],"author":[{"embeddable":true,"href":"https:\/\/zukunftsarchiv.org\/it\/wp-json\/wp\/v2\/users\/1"}],"replies":[{"embeddable":true,"href":"https:\/\/zukunftsarchiv.org\/it\/wp-json\/wp\/v2\/comments?post=1027"}],"version-history":[{"count":0,"href":"https:\/\/zukunftsarchiv.org\/it\/wp-json\/wp\/v2\/pages\/1027\/revisions"}],"wp:attachment":[{"href":"https:\/\/zukunftsarchiv.org\/it\/wp-json\/wp\/v2\/media?parent=1027"}],"curies":[{"name":"wp","href":"https:\/\/api.w.org\/{rel}","templated":true}]}}