{"id":1024,"date":"2023-01-09T22:40:57","date_gmt":"2023-01-09T22:40:57","guid":{"rendered":"https:\/\/zukunftsarchiv.org\/?page_id=1024"},"modified":"2025-07-16T20:56:05","modified_gmt":"2025-07-16T20:56:05","slug":"kollektiv","status":"publish","type":"page","link":"https:\/\/zukunftsarchiv.org\/it\/kollektiv\/","title":{"rendered":"Kollektiv"},"content":{"rendered":"","protected":false},"excerpt":{"rendered":"","protected":false},"author":1,"featured_media":0,"parent":0,"menu_order":5,"comment_status":"closed","ping_status":"closed","template":"","meta":[],"class_list":["post-1024","page","type-page","status-publish","hentry"],"grid":"{\r\n  \"colCount\": 12,\r\n  \"colGutter\": 1,\r\n  \"rowGutters\": [],\r\n  \"frameMargin\": 5,\r\n  \"leftFrameMargin\": 16,\r\n  \"rightFrameMargin\": 3,\r\n  \"topFrameMargin\": 3,\r\n  \"bottomFrameMargin\": 7,\r\n  \"rowAttrs\": [\r\n    {\r\n      \"relid\": 4\r\n    }\r\n  ],\r\n  \"bgColor\": null,\r\n  \"bgImage\": null,\r\n  \"cont\": [\r\n    {\r\n      \"type\": \"text\",\r\n      \"cont\": \"<p><span>Wir setzen uns mit der Gestaltung von Ver\u00e4nderungsprozessen auseinander, um zu feministischen und sozial-\u00f6kologischen Gegenwarten und Zuk\u00fcnften zu gelangen. Wir erkunden, gestalten und que(e)rulieren Vorstellungen eines guten Lebens f\u00fcr alle. Wir suchen nach den utopischen Momenten in unserer Gegenwart, nach den Verschiebungen und Zwischenr\u00e4umen, in denen sorgende, gerechte und nachhaltige Lebensweisen ausgehandelt werden. Wachstums- und herrschaftskritisch fragen wir, welche Strukturen ihnen entgegenstehen. Als Transformation Designer*innen entwickeln wir Wege und Strategien, wie emanzipatorische Ver\u00e4nderungen gestaltet<\/span> <span>werden k\u00f6nnen.\u00a0<\/span><\/p><p><span>Wir entwickeln gedankliche und physische R\u00e4ume, in denen theoretische Auseinandersetzungen praktisch werden. Dazu bewegen wir uns zwischen Gestaltung, Forschung und Aktivismus: Wir recherchieren, archivieren, schreiben, bearbeiten, fragen, forschen, entwickeln und ver\u00f6ffentlichen, unterst\u00fctzen, moderieren, (ver)lernen, spekulieren, kn\u00fcpfen Bande, beherbergen und halten Raum.\u00a0<\/span><\/p><p><span>Wir versuchen, gemeinsam Strategien ausfindig zu machen und einen Raum f\u00fcr Austausch zu schaffen \u2014 in einem Rahmen, der intersektional verschiedene Perspektiven mitdenkt und aus einer kritischen Selbstverortung hervorgeht.\u00a0<\/span><\/p><p><span>Der Name Zukunfts*archiv kommt von der Frage, welches Heute wir im Morgen archiviert wissen wollen. Von welchem Heute soll morgen noch die Rede sein und was tragen wir dazu bei?\u00a0<\/span><\/p><p><span>Zur Kollektivarbeit geh\u00f6rt bei uns die Vermengung (re)produktiver T\u00e4tigkeiten, w\u00f6chentliche Treffen, Austausch, Diskussion, aus der Allt\u00e4glichkeit heraus Themen zu finden, pers\u00f6nliche Reibungspunkte als Ausgangspunkte f\u00fcr Prozesse, Arbeiten an eigenen Strukturen, Selbstorganisation, im Ausprobieren reflektieren und teilen. Wir sind alle auch in anderen Kontexten t\u00e4tig, was in die Kollektivarbeit hineinspielt und sich gegenseitig n\u00e4hrt.\u00a0<\/span><\/p><p><span>Wir kollaborieren gerne und freuen uns \u00fcber Kontakte. Schreibt uns gern, wenn ihr euch mit uns verb\u00fcnden und gemeinsam etwas starten wollt!<\/span><\/p><p>\u00a0<\/p><p>\u00a0<\/p><p class=\\\"_Subheadlines\\\">Kollektivistas: <a href=\\\"https:\/\/zukunftsarchiv.org\/dina-richert\/\\\" data-id=\\\"1227\\\" data-title=\\\"Dina Richert\\\" data-type=\\\"page\\\">Dina<\/a>, <a href=\\\"https:\/\/zukunftsarchiv.org\/flora-mammana\/\\\">Flora<\/a>, <a href=\\\"https:\/\/zukunftsarchiv.org\/kristina-fromm\/\\\" data-id=\\\"1226\\\" data-title=\\\"Kristina Fromm\\\" data-type=\\\"page\\\">Kristina<\/a>, <a href=\\\"https:\/\/zukunftsarchiv.org\/miriam-kreuzer\/\\\" data-id=\\\"1225\\\" data-title=\\\"Miriam Kreuzer\\\" data-type=\\\"page\\\">Miriam<\/a>, <a href=\\\"https:\/\/zukunftsarchiv.org\/pauline-luerig\/\\\" data-id=\\\"1224\\\" data-title=\\\"Pauline L\u00fcrig\\\" data-type=\\\"page\\\">Pauline<\/a>, <a href=\\\"https:\/\/zukunftsarchiv.org\/veronika-schneider\/\\\" data-id=\\\"1228\\\" data-title=\\\"Veronika Schneider\\\" data-type=\\\"page\\\">Veronika<\/a><\/p><p>\u00a0<\/p><p>\u21aa\ufe0e <a href=\\\"https:\/\/zukunftsarchiv.org\/cv\/\\\" data-id=\\\"1040\\\" data-title=\\\"CV\\\" data-type=\\\"page\\\">CV<\/a> \u00a0 \u00a0 \u21aa\ufe0e <a rel=\\\"noopener\\\" href=\\\"mailto:mail@zukunftsarchiv.org\\\" target=\\\"_blank\\\">mail (at) zukunftsarchiv.org<\/a>\u00a0 \u00a0 \u21aa\ufe0e <a href=\\\"https:\/\/www.are.na\/zukunfts-archiv\\\">are.na<\/a> \u00a0\u00a0 \u21aa\ufe0e <a href=\\\"https:\/\/zukunftsarchiv.org\/news\/\\\" data-id=\\\"1477\\\" data-title=\\\"News\\\" data-type=\\\"page\\\">Newsletter<\/a><\/p><p>\u00a0<\/p><p class=\\\"_XanhMono\\\">Kompliz*innen<\/p><p><a rel=\\\"noopener\\\" href=\\\"http:\/\/agentsofalternatives.com\/\\\" target=\\\"_blank\\\"><span>Age<\/span><span>nts of Alternatives<\/span><\/a><span> \/ <\/span><a rel=\\\"noopener\\\" href=\\\"https:\/\/www.alpinecommunityeconomies.org\/\\\" target=\\\"_blank\\\"><span>Alpine Community Economies Lab<\/span><\/a><span> \/ <\/span><a rel=\\\"noopener\\\" href=\\\"https:\/\/www.brave-new-alps.com\/\\\" target=\\\"_blank\\\"><span>Brave New Alps<\/span><\/a> <span>\/ <\/span><a rel=\\\"noopener\\\" href=\\\"https:\/\/hausdeswandels.wordpress.com\/\\\" target=\\\"_blank\\\"><span>Haus des Wandels<\/span><\/a><span> \/ <\/span><a rel=\\\"noopener\\\" href=\\\"https:\/\/www.instagram.com\/anzetteln_\/\\\" target=\\\"_blank\\\"><span>kollektiv anzetteln<\/span><\/a> <span>\/ <\/span><a rel=\\\"noopener\\\" href=\\\"https:\/\/kulturton.com\/\\\" target=\\\"_blank\\\"><span>Kulturton \u2014 Raum f\u00fcr Vielfalt<\/span><\/a><span> \/ <\/span><a rel=\\\"noopener\\\" href=\\\"https:\/\/laforesta.net\/\\\" target=\\\"_blank\\\"><span>La Foresta \u2014 Accademia di Comunit\u00e0<\/span><\/a>\u00a0<span>\/ <a rel=\\\"noopener\\\" href=\\\"http:\/\/www.eine-andere-welt-ist-pflanzbar.de\/quEErEcologiEscollEctivE\/\\\" target=\\\"_blank\\\">quEErEcologiEscollEctivE<\/a> \/ <\/span><a rel=\\\"noopener\\\" href=\\\"https:\/\/ruralcommonsassembly.com\/\\\" target=\\\"_blank\\\"><span>Rural Commons Assembly<\/span><\/a><\/p>\",\r\n      \"align\": \"top\",\r\n      \"row\": 0,\r\n      \"col\": 6,\r\n      \"colspan\": 6,\r\n      \"offsetx\": 0,\r\n      \"offsety\": 0,\r\n      \"spaceabove\": 0,\r\n      \"spacebelow\": 0,\r\n      \"yvel\": 1,\r\n      \"push\": 6,\r\n      \"relid\": 5,\r\n      \"absolute_position\": false,\r\n      \"frameOverflow\": \"\"\r\n    }\r\n  ]\r\n}","phonegrid":"{\r\n  \"colCount\": 12,\r\n  \"colGutter\": 1,\r\n  \"rowGutters\": [],\r\n  \"frameMargin\": 5,\r\n  \"topFrameMargin\": 5,\r\n  \"rightFrameMargin\": 5,\r\n  \"bottomFrameMargin\": 7,\r\n  \"leftFrameMargin\": 5,\r\n  \"mus\": {\r\n    \"colGutterMu\": \"%\",\r\n    \"rowGutterMu\": \"%\",\r\n    \"topFrameMu\": \"%\",\r\n    \"bottomFrameMu\": \"%\",\r\n    \"frameMu\": \"%\"\r\n  },\r\n  \"rowAttrs\": [\r\n    {\r\n      \"relid\": 1\r\n    }\r\n  ],\r\n  \"bgColor\": null,\r\n  \"bgImage\": null,\r\n  \"cont\": [\r\n    {\r\n      \"type\": \"text\",\r\n      \"cont\": \"<p><span>Wir setzen uns mit der Gestaltung von Ver\u00e4nderungsprozessen auseinander, um zu feministischen und sozial-\u00f6kologischen Gegenwarten und Zuk\u00fcnften zu gelangen. Wir erkunden, gestalten und que(e)rulieren Vorstellungen eines guten Lebens f\u00fcr alle. Wir suchen nach den utopischen Momenten in unserer Gegenwart, nach den Verschiebungen und Zwischenr\u00e4umen, in denen sorgende, gerechte und nachhaltige Lebensweisen ausgehandelt werden. Wachstums- und herrschaftskritisch fragen wir, welche Strukturen ihnen entgegenstehen. Als Transformation Designer*innen entwickeln wir Wege und Strategien, wie emanzipatorische Ver\u00e4nderungen gestaltet<\/span> <span>werden k\u00f6nnen.\u00a0<\/span><\/p><p><span>Wir entwickeln gedankliche und physische R\u00e4ume, in denen theoretische Auseinandersetzungen praktisch werden. Dazu bewegen wir uns zwischen Gestaltung, Forschung und Aktivismus: Wir recherchieren, archivieren, schreiben, bearbeiten, fragen, forschen, entwickeln und ver\u00f6ffentlichen, unterst\u00fctzen, moderieren, (ver)lernen, spekulieren, kn\u00fcpfen Bande, beherbergen und halten Raum.\u00a0<\/span><\/p><p><span>Wir versuchen, gemeinsam Strategien ausfindig zu machen und einen Raum f\u00fcr Austausch zu schaffen \u2014 in einem Rahmen, der intersektional verschiedene Perspektiven mitdenkt und aus einer kritischen Selbstverortung hervorgeht.\u00a0<\/span><\/p><p><span>Der Name Zukunfts*archiv kommt von der Frage, welches Heute wir im Morgen archiviert wissen wollen. Von welchem Heute soll morgen noch die Rede sein und was tragen wir dazu bei?\u00a0<\/span><\/p><p><span>Zur Kollektivarbeit geh\u00f6rt bei uns die Vermengung (re)produktiver T\u00e4tigkeiten, w\u00f6chentliche Treffen, Austausch, Diskussion, aus der Allt\u00e4glichkeit heraus Themen zu finden, pers\u00f6nliche Reibungspunkte als Ausgangspunkte f\u00fcr Prozesse, Arbeiten an eigenen Strukturen, Selbstorganisation, im Ausprobieren reflektieren und teilen. Wir sind alle auch in anderen Kontexten t\u00e4tig, was in die Kollektivarbeit hineinspielt und sich gegenseitig n\u00e4hrt.\u00a0<\/span><\/p><p><span>Wir kollaborieren gerne und freuen uns \u00fcber Kontakte. Schreibt uns gern, wenn ihr euch mit uns verb\u00fcnden und gemeinsam etwas starten wollt!<\/span><\/p><p>\u00a0<\/p><p>\u00a0<\/p><p class=\\\"_Subheadlines\\\">Kollektivistas: <a href=\\\"https:\/\/zukunftsarchiv.org\/dina-richert\/\\\" data-id=\\\"1227\\\" data-title=\\\"Dina Richert\\\" data-type=\\\"page\\\">Dina<\/a>, <a href=\\\"https:\/\/zukunftsarchiv.org\/flora-mammana\/\\\">Flora<\/a>, <a href=\\\"https:\/\/zukunftsarchiv.org\/kristina-fromm\/\\\" data-id=\\\"1226\\\" data-title=\\\"Kristina Fromm\\\" data-type=\\\"page\\\">Kristina<\/a>, <a href=\\\"https:\/\/zukunftsarchiv.org\/miriam-kreuzer\/\\\" data-id=\\\"1225\\\" data-title=\\\"Miriam Kreuzer\\\" data-type=\\\"page\\\">Miriam<\/a>, <a href=\\\"https:\/\/zukunftsarchiv.org\/pauline-luerig\/\\\" data-id=\\\"1224\\\" data-title=\\\"Pauline L\u00fcrig\\\" data-type=\\\"page\\\">Pauline<\/a>, <a href=\\\"https:\/\/zukunftsarchiv.org\/veronika-schneider\/\\\" data-id=\\\"1228\\\" data-title=\\\"Veronika Schneider\\\" data-type=\\\"page\\\">Veronika<\/a><\/p><p>\u00a0<\/p><p>\u21aa\ufe0e <a href=\\\"https:\/\/zukunftsarchiv.org\/cv\/\\\" data-id=\\\"1040\\\" data-title=\\\"CV\\\" data-type=\\\"page\\\">CV<\/a> \u00a0 \u00a0 \u21aa\ufe0e <a rel=\\\"noopener\\\" href=\\\"mailto:mail@zukunftsarchiv.org\\\" target=\\\"_blank\\\">mail (at) zukunftsarchiv.org<\/a>\u00a0 \u00a0 \u21aa\ufe0e <a href=\\\"https:\/\/www.are.na\/zukunfts-archiv\\\">are.na<\/a> \u00a0\u00a0 \u21aa\ufe0e <a href=\\\"https:\/\/zukunftsarchiv.org\/news\/\\\" data-id=\\\"1477\\\" data-title=\\\"News\\\" data-type=\\\"page\\\">Newsletter<\/a><\/p><p>\u00a0<\/p><p class=\\\"_XanhMono\\\">Kompliz*innen<\/p><p><a rel=\\\"noopener\\\" href=\\\"http:\/\/agentsofalternatives.com\/\\\" target=\\\"_blank\\\"><span>Age<\/span><span>nts of Alternatives<\/span><\/a><span> \/ <\/span><a rel=\\\"noopener\\\" href=\\\"https:\/\/www.alpinecommunityeconomies.org\/\\\" target=\\\"_blank\\\"><span>Alpine Community Economies Lab<\/span><\/a><span> \/ <\/span><a rel=\\\"noopener\\\" href=\\\"https:\/\/www.brave-new-alps.com\/\\\" target=\\\"_blank\\\"><span>Brave New Alps<\/span><\/a> <span>\/ <\/span><a rel=\\\"noopener\\\" href=\\\"https:\/\/hausdeswandels.wordpress.com\/\\\" target=\\\"_blank\\\"><span>Haus des Wandels<\/span><\/a><span> \/ <\/span><a rel=\\\"noopener\\\" href=\\\"https:\/\/www.instagram.com\/anzetteln_\/\\\" target=\\\"_blank\\\"><span>kollektiv anzetteln<\/span><\/a> <span>\/ <\/span><a rel=\\\"noopener\\\" href=\\\"https:\/\/kulturton.com\/\\\" target=\\\"_blank\\\"><span>Kulturton \u2014 Raum f\u00fcr Vielfalt<\/span><\/a><span> \/ <\/span><a rel=\\\"noopener\\\" href=\\\"https:\/\/laforesta.net\/\\\" target=\\\"_blank\\\"><span>La Foresta \u2014 Accademia di Comunit\u00e0<\/span><\/a>\u00a0<span>\/ <a rel=\\\"noopener\\\" href=\\\"http:\/\/www.eine-andere-welt-ist-pflanzbar.de\/quEErEcologiEscollEctivE\/\\\" target=\\\"_blank\\\">quEErEcologiEscollEctivE<\/a> \/ <\/span><a rel=\\\"noopener\\\" href=\\\"https:\/\/ruralcommonsassembly.com\/\\\" target=\\\"_blank\\\"><span>Rural Commons Assembly<\/span><\/a><\/p>\",\r\n      \"align\": \"bottom\",\r\n      \"row\": 0,\r\n      \"col\": 0,\r\n      \"colspan\": 12,\r\n      \"offsetx\": 0,\r\n      \"offsety\": 0,\r\n      \"spaceabove\": 0,\r\n      \"spacebelow\": 0,\r\n      \"yvel\": 1,\r\n      \"push\": 0,\r\n      \"relid\": 5,\r\n      \"absolute_position\": false,\r\n      \"frameOverflow\": \"\"\r\n    }\r\n  ]\r\n}","_links":{"self":[{"href":"https:\/\/zukunftsarchiv.org\/it\/wp-json\/wp\/v2\/pages\/1024","targetHints":{"allow":["GET"]}}],"collection":[{"href":"https:\/\/zukunftsarchiv.org\/it\/wp-json\/wp\/v2\/pages"}],"about":[{"href":"https:\/\/zukunftsarchiv.org\/it\/wp-json\/wp\/v2\/types\/page"}],"author":[{"embeddable":true,"href":"https:\/\/zukunftsarchiv.org\/it\/wp-json\/wp\/v2\/users\/1"}],"replies":[{"embeddable":true,"href":"https:\/\/zukunftsarchiv.org\/it\/wp-json\/wp\/v2\/comments?post=1024"}],"version-history":[{"count":0,"href":"https:\/\/zukunftsarchiv.org\/it\/wp-json\/wp\/v2\/pages\/1024\/revisions"}],"wp:attachment":[{"href":"https:\/\/zukunftsarchiv.org\/it\/wp-json\/wp\/v2\/media?parent=1024"}],"curies":[{"name":"wp","href":"https:\/\/api.w.org\/{rel}","templated":true}]}}