{"id":786,"date":"2021-12-02T19:50:10","date_gmt":"2021-12-02T19:50:10","guid":{"rendered":"https:\/\/zukunftsarchiv.org\/?page_id=786"},"modified":"2023-03-20T15:42:38","modified_gmt":"2023-03-20T15:42:38","slug":"datenschutz","status":"publish","type":"page","link":"https:\/\/zukunftsarchiv.org\/en\/datenschutz\/","title":{"rendered":"Datenschutz"},"content":{"rendered":"\n<div class=\"wp-block-ainoblocks-grid-container alignwide ab-grid-block\">\n<div class=\"wp-block-ainoblocks-grid-item col_start_d__1 col_end_d__4 col_start_t__1 col_end_t__7 col_start_m__1 col_end_m__13 align-self__stretch justify-self__stretch no-stacking fixed\">\n<div class=\"wp-block-ainoblocks-card shadow-none pt__5 pb__7 pr__3 fixed\">\n<h3 class=\"wp-block-heading\" id=\"zukunfts-archiv-kollektivdesign-research-feministische-transformationsforschung\">Zukunfts*archiv Kollektiv<br>design research &#x2733;\ufe0e Feministische Transformationsforschung<\/h3>\n\n\n\n<div style=\"height:42px\" aria-hidden=\"true\" class=\"wp-block-spacer\"><\/div>\n\n\n\n<p><\/p>\n<\/div>\n<\/div>\n\n\n\n<div class=\"wp-block-ainoblocks-grid-item col_start_d__4 col_end_d__10 col_start_t__1 col_end_t__7 col_start_m__1 col_end_m__13 align-self__stretch justify-self__stretch no-stacking no-gutter mt_d__0 linie\">\n<h3 class=\"wp-block-heading\" id=\"feministische-praktiken-in-zusammenarbeit\">Datenschutz<\/h3>\n\n\n\n<p class=\"has-xs-font-size\"><\/p>\n\n\n\n<p class=\"has-xs-font-size\">Kontaktm\u00f6glichkeit f\u00fcr datenschutzrelevante Anliegen: mail(at)zukunftsarchiv.org<br><br>Da wir keinerlei Kontaktformulare, soziale Medien, Kommentare, Analysewerkzeuge, Einbettungen von Drittanbietern oder Benutzer*innenprofile nutzen, speichern wir keinerlei personenbezogene Daten und keine Cookies.<br><br>Kontaktaufnahme<br>Bei der Kontaktaufnahme mit uns per E-Mail werden die Angaben der Nutzer*innen zur Bearbeitung der Kontaktanfrage und deren Abwicklung gem. Art. 6 Abs. 1 lit. b. (im Rahmen vertraglicher-\/vorvertraglicher Beziehungen), Art. 6 Abs. 1 lit. f. (andere Anfragen) DSGVO verarbeitet. <br><br>Hosting und E-Mail-Versand<br>Die von uns in Anspruch genommenen Hosting-Leistungen dienen der Zurverf\u00fcgungstellung der folgenden Leistungen: Infrastruktur- und Plattformdienstleistungen, Rechenkapazit\u00e4t, Speicherplatz und Datenbankdienste, E-Mail-Versand, Sicherheitsleistungen sowie technische Wartungsleistungen, die wir zum Zwecke des Betriebs dieses Onlineangebotes einsetzen.&nbsp;<br>Hierbei verarbeiten wir, bzw. unser Hostinganbieter Bestandsdaten, Kontaktdaten, Inhaltsdaten, Vertragsdaten, Nutzungsdaten, Meta- und Kommunikationsdaten von Kunden, Interessenten und Besuchern dieses Onlineangebotes auf Grundlage unserer berechtigten Interessen an einer effizienten und sicheren Zurverf\u00fcgungstellung dieses Onlineangebotes gem. Art. 6 Abs. 1 lit. f DSGVO i.V.m. Art. 28 DSGVO (Abschluss Auftragsverarbeitungsvertrag).<\/p>\n\n\n\n<p class=\"has-xs-font-size\">Erhebung von Zugriffsdaten und Logfiles<br>Unser Hostinganbieter erhebt auf Grundlage unserer berechtigten Interessen im Sinne des Art. 6 Abs. 1 lit. f. DSGVO Daten \u00fcber jeden Zugriff auf den Server, auf dem sich dieser Dienst befindet (sogenannte Serverlogfiles). Zu den Zugriffsdaten geh\u00f6ren Name der abgerufenen Webseite, Datei, Datum und Uhrzeit des Abrufs, \u00fcbertragene Datenmenge, Meldung \u00fcber erfolgreichen Abruf, Browsertyp nebst Version, das Betriebssystem der Nutzer*innen, Referrer URL (die zuvor besuchte Seite), IP-Adresse und der anfragende Provider.<br>Logfile-Informationen werden aus Sicherheitsgr\u00fcnden (z.B. zur Aufkl\u00e4rung von Missbrauchs- oder Betrugshandlungen) f\u00fcr die Dauer von maximal 7 Tagen gespeichert und danach gel\u00f6scht. Daten, deren weitere Aufbewahrung zu Beweiszwecken erforderlich ist, sind bis zur endg\u00fcltigen Kl\u00e4rung des jeweiligen Vorfalls von der L\u00f6schung ausgenommen.<br><br>Rechte der betroffenen Personen<br>Sie haben das Recht, eine Best\u00e4tigung dar\u00fcber zu verlangen, ob betreffende Daten verarbeitet werden und auf Auskunft \u00fcber diese Daten sowie auf weitere Informationen und Kopie der Daten entsprechend den gesetzlichen Vorgaben.<br>Sie haben entsprechend der gesetzlichen Vorgaben das Recht, die Vervollst\u00e4ndigung der Sie betreffenden Daten oder die Berichtigung der Sie betreffenden unrichtigen Daten zu verlangen.<br>Sie haben nach Ma\u00dfgabe der gesetzlichen Vorgaben das Recht zu verlangen, dass betreffende Daten unverz\u00fcglich gel\u00f6scht werden, bzw. alternativ nach Ma\u00dfgabe der gesetzlichen Vorgaben eine Einschr\u00e4nkung der Verarbeitung der Daten zu verlangen.<br>Sie haben das Recht zu verlangen, dass die Sie betreffenden Daten, die Sie uns bereitgestellt haben nach Ma\u00dfgabe der gesetzlichen Vorgaben zu erhalten und deren \u00dcbermittlung an andere Verantwortliche zu fordern.&nbsp;<br>Sie haben ferner nach Ma\u00dfgabe der gesetzlichen Vorgaben das Recht, eine Beschwerde bei der zust\u00e4ndigen Aufsichtsbeh\u00f6rde einzureichen.<br><br>Widerrufsrecht<br>Sie haben das Recht, erteilte Einwilligungen mit Wirkung f\u00fcr die Zukunft zu widerrufen.<br><br>Widerspruchsrecht<br>Sie k\u00f6nnen der k\u00fcnftigen Verarbeitung der Sie betreffenden Daten nach Ma\u00dfgabe der gesetzlichen Vorgaben jederzeit widersprechen. Der Widerspruch kann insbesondere gegen die Verarbeitung f\u00fcr Zwecke der Direktwerbung erfolgen.<br><br>L\u00f6schung von Daten<br>Die von uns verarbeiteten Daten werden nach Ma\u00dfgabe der gesetzlichen Vorgaben gel\u00f6scht oder in ihrer Verarbeitung eingeschr\u00e4nkt. Sofern nicht im Rahmen dieser Datenschutzerkl\u00e4rung ausdr\u00fccklich angegeben, werden die bei uns gespeicherten Daten gel\u00f6scht, sobald sie f\u00fcr ihre Zweckbestimmung nicht mehr erforderlich sind und der L\u00f6schung keine gesetzlichen Aufbewahrungspflichten entgegenstehen.&nbsp;<br>Sofern die Daten nicht gel\u00f6scht werden, weil sie f\u00fcr andere und gesetzlich zul\u00e4ssige Zwecke erforderlich sind, wird deren Verarbeitung eingeschr\u00e4nkt. D.h. die Daten werden gesperrt und nicht f\u00fcr andere Zwecke verarbeitet. Das gilt z.B. f\u00fcr Daten, die aus handels- oder steuerrechtlichen Gr\u00fcnden aufbewahrt werden m\u00fcssen.<\/p>\n\n\n\n<div style=\"height:20px\" aria-hidden=\"true\" class=\"wp-block-spacer\"><\/div>\n<\/div>\n\n\n\n<div class=\"wp-block-ainoblocks-grid-item col_start_d__10 col_end_d__13 col_start_t__1 col_end_t__7 col_start_m__1 col_end_m__13 align-self__stretch justify-self__stretch has-stacking stack-order__20 no-gutter\">\n<div class=\"wp-block-ainoblocks-card shadow-none pb__7 pr__5 fixed\">\n<h3 class=\"has-xs-font-size wp-block-heading\" id=\"aktuell\"><\/h3>\n\n\n\n<div style=\"height:31px\" aria-hidden=\"true\" class=\"wp-block-spacer\"><\/div>\n\n\n\n<p class=\"has-xs-font-size\"><\/p>\n\n\n\n<p class=\"has-xs-font-size\"><\/p>\n\n\n\n<p class=\"has-xs-font-size\"><\/p>\n<\/div>\n<\/div>\n<\/div>\n","protected":false},"excerpt":{"rendered":"","protected":false},"author":1,"featured_media":0,"parent":0,"menu_order":14,"comment_status":"closed","ping_status":"closed","template":"","meta":[],"class_list":["post-786","page","type-page","status-publish","hentry"],"grid":"{\"colCount\":12,\"colGutter\":1,\"rowGutters\":[],\"frameMargin\":5,\"leftFrameMargin\":16,\"rightFrameMargin\":3,\"topFrameMargin\":3,\"bottomFrameMargin\":7,\"rowAttrs\":[{\"relid\":5}],\"bgColor\":null,\"bgImage\":null,\"cont\":[{\"type\":\"text\",\"cont\":\"<p>Kontaktm\\u00f6glichkeit f\\u00fcr datenschutzrelevante Anliegen: mail(at)zukunftsarchiv.org<\\\/p>\\n<p>Da wir keinerlei Kontaktformulare, soziale Medien, Kommentare, Analysewerkzeuge, Einbettungen von Drittanbietern oder Benutzer*innenprofile nutzen, speichern wir keinerlei personenbezogene Daten und keine Cookies.<\\\/p>\\n<p><em>Kontaktaufnahme<\\\/em><\\\/p>\\n<p>Bei der Kontaktaufnahme mit uns per E-Mail werden die Angaben der Nutzer*innen zur Bearbeitung der Kontaktanfrage und deren Abwicklung gem. Art. 6 Abs. 1 lit. b. (im Rahmen vertraglicher-\\\/vorvertraglicher Beziehungen), Art. 6 Abs. 1 lit. f. (andere Anfragen) DSGVO verarbeitet.<\\\/p>\\n<p><em>Hosting und E-Mail-Versand<\\\/em><\\\/p>\\n<p>Die von uns in Anspruch genommenen Hosting-Leistungen dienen der Zurverf\\u00fcgungstellung der folgenden Leistungen: Infrastruktur- und Plattformdienstleistungen, Rechenkapazit\\u00e4t, Speicherplatz und Datenbankdienste, E-Mail-Versand, Sicherheitsleistungen sowie technische Wartungsleistungen, die wir zum Zwecke des Betriebs dieses Onlineangebotes einsetzen.\\u00a0<\\\/p>\\n<p>Hierbei verarbeiten wir, bzw. unser Hostinganbieter Bestandsdaten, Kontaktdaten, Inhaltsdaten, Vertragsdaten, Nutzungsdaten, Meta- und Kommunikationsdaten von Kunden, Interessenten und Besuchern dieses Onlineangebotes auf Grundlage unserer berechtigten Interessen an einer effizienten und sicheren Zurverf\\u00fcgungstellung dieses Onlineangebotes gem. Art. 6 Abs. 1 lit. f DSGVO i.V.m. Art. 28 DSGVO (Abschluss Auftragsverarbeitungsvertrag).<\\\/p>\\n<p><em>Erhebung von Zugriffsdaten und Logfiles<\\\/em><\\\/p>\\n<p>Unser Hostinganbieter erhebt auf Grundlage unserer berechtigten Interessen im Sinne des Art. 6 Abs. 1 lit. f. DSGVO Daten \\u00fcber jeden Zugriff auf den Server, auf dem sich dieser Dienst befindet (sogenannte Serverlogfiles). Zu den Zugriffsdaten geh\\u00f6ren Name der abgerufenen Webseite, Datei, Datum und Uhrzeit des Abrufs, \\u00fcbertragene Datenmenge, Meldung \\u00fcber erfolgreichen Abruf, Browsertyp nebst Version, das Betriebssystem der Nutzer*innen, Referrer URL (die zuvor besuchte Seite), IP-Adresse und der anfragende Provider.<\\\/p>\\n<p>Logfile-Informationen werden aus Sicherheitsgr\\u00fcnden (z.B. zur Aufkl\\u00e4rung von Missbrauchs- oder Betrugshandlungen) f\\u00fcr die Dauer von maximal 7 Tagen gespeichert und danach gel\\u00f6scht. Daten, deren weitere Aufbewahrung zu Beweiszwecken erforderlich ist, sind bis zur endg\\u00fcltigen Kl\\u00e4rung des jeweiligen Vorfalls von der L\\u00f6schung ausgenommen.<\\\/p>\\n<p><em>Rechte der betroffenen Personen<\\\/em><\\\/p>\\n<p>Sie haben das Recht, eine Best\\u00e4tigung dar\\u00fcber zu verlangen, ob betreffende Daten verarbeitet werden und auf Auskunft \\u00fcber diese Daten sowie auf weitere Informationen und Kopie der Daten entsprechend den gesetzlichen Vorgaben.<\\\/p>\\n<p>Sie haben entsprechend der gesetzlichen Vorgaben das Recht, die Vervollst\\u00e4ndigung der Sie betreffenden Daten oder die Berichtigung der Sie betreffenden unrichtigen Daten zu verlangen.<\\\/p>\\n<p>Sie haben nach Ma\\u00dfgabe der gesetzlichen Vorgaben das Recht zu verlangen, dass betreffende Daten unverz\\u00fcglich gel\\u00f6scht werden, bzw. alternativ nach Ma\\u00dfgabe der gesetzlichen Vorgaben eine Einschr\\u00e4nkung der Verarbeitung der Daten zu verlangen.<\\\/p>\\n<p>Sie haben das Recht zu verlangen, dass die Sie betreffenden Daten, die Sie uns bereitgestellt haben nach Ma\\u00dfgabe der gesetzlichen Vorgaben zu erhalten und deren \\u00dcbermittlung an andere Verantwortliche zu fordern.\\u00a0<\\\/p>\\n<p>Sie haben ferner nach Ma\\u00dfgabe der gesetzlichen Vorgaben das Recht, eine Beschwerde bei der zust\\u00e4ndigen Aufsichtsbeh\\u00f6rde einzureichen.<\\\/p>\\n<p><em>Widerrufsrecht<\\\/em><\\\/p>\\n<p>Sie haben das Recht, erteilte Einwilligungen mit Wirkung f\\u00fcr die Zukunft zu widerrufen.<\\\/p>\\n<p><em>Widerspruchsrecht<\\\/em><\\\/p>\\n<p>Sie k\\u00f6nnen der k\\u00fcnftigen Verarbeitung der Sie betreffenden Daten nach Ma\\u00dfgabe der gesetzlichen Vorgaben jederzeit widersprechen. Der Widerspruch kann insbesondere gegen die Verarbeitung f\\u00fcr Zwecke der Direktwerbung erfolgen.<\\\/p>\\n<p><em>L\\u00f6schung von Daten<\\\/em><\\\/p>\\n<p>Die von uns verarbeiteten Daten werden nach Ma\\u00dfgabe der gesetzlichen Vorgaben gel\\u00f6scht oder in ihrer Verarbeitung eingeschr\\u00e4nkt. Sofern nicht im Rahmen dieser Datenschutzerkl\\u00e4rung ausdr\\u00fccklich angegeben, werden die bei uns gespeicherten Daten gel\\u00f6scht, sobald sie f\\u00fcr ihre Zweckbestimmung nicht mehr erforderlich sind und der L\\u00f6schung keine gesetzlichen Aufbewahrungspflichten entgegenstehen.\\u00a0<\\\/p>\\n<p>Sofern die Daten nicht gel\\u00f6scht werden, weil sie f\\u00fcr andere und gesetzlich zul\\u00e4ssige Zwecke erforderlich sind, wird deren Verarbeitung eingeschr\\u00e4nkt. D.h. die Daten werden gesperrt und nicht f\\u00fcr andere Zwecke verarbeitet. Das gilt z.B. f\\u00fcr Daten, die aus handels- oder steuerrechtlichen Gr\\u00fcnden aufbewahrt werden m\\u00fcssen.<\\\/p>\",\"align\":\"top\",\"row\":0,\"col\":6,\"colspan\":6,\"offsetx\":0,\"offsety\":0,\"spaceabove\":0,\"spacebelow\":0,\"yvel\":1,\"push\":6,\"relid\":4,\"absolute_position\":false,\"frameOverflow\":\"\"}]}","phonegrid":"","_links":{"self":[{"href":"https:\/\/zukunftsarchiv.org\/en\/wp-json\/wp\/v2\/pages\/786","targetHints":{"allow":["GET"]}}],"collection":[{"href":"https:\/\/zukunftsarchiv.org\/en\/wp-json\/wp\/v2\/pages"}],"about":[{"href":"https:\/\/zukunftsarchiv.org\/en\/wp-json\/wp\/v2\/types\/page"}],"author":[{"embeddable":true,"href":"https:\/\/zukunftsarchiv.org\/en\/wp-json\/wp\/v2\/users\/1"}],"replies":[{"embeddable":true,"href":"https:\/\/zukunftsarchiv.org\/en\/wp-json\/wp\/v2\/comments?post=786"}],"version-history":[{"count":0,"href":"https:\/\/zukunftsarchiv.org\/en\/wp-json\/wp\/v2\/pages\/786\/revisions"}],"wp:attachment":[{"href":"https:\/\/zukunftsarchiv.org\/en\/wp-json\/wp\/v2\/media?parent=786"}],"curies":[{"name":"wp","href":"https:\/\/api.w.org\/{rel}","templated":true}]}}