{"id":1228,"date":"2023-02-15T16:38:37","date_gmt":"2023-02-15T16:38:37","guid":{"rendered":"https:\/\/zukunftsarchiv.org\/?page_id=1228"},"modified":"2023-07-26T09:32:02","modified_gmt":"2023-07-26T09:32:02","slug":"veronika-schneider","status":"publish","type":"page","link":"https:\/\/zukunftsarchiv.org\/en\/veronika-schneider\/","title":{"rendered":"Veronika Schneider"},"content":{"rendered":"","protected":false},"excerpt":{"rendered":"","protected":false},"author":1,"featured_media":0,"parent":0,"menu_order":8,"comment_status":"closed","ping_status":"closed","template":"","meta":[],"class_list":["post-1228","page","type-page","status-publish","hentry"],"grid":"{\r\n  \"colCount\": 12,\r\n  \"colGutter\": 1,\r\n  \"rowGutters\": [],\r\n  \"frameMargin\": 5,\r\n  \"leftFrameMargin\": 16,\r\n  \"rightFrameMargin\": 3,\r\n  \"topFrameMargin\": 3,\r\n  \"bottomFrameMargin\": 7,\r\n  \"rowAttrs\": [\r\n    {\r\n      \"relid\": 4\r\n    }\r\n  ],\r\n  \"bgColor\": null,\r\n  \"bgImage\": null,\r\n  \"cont\": [\r\n    {\r\n      \"type\": \"text\",\r\n      \"cont\": \"<p class=\\\"_Subheadlines\\\"><span>Veronika Schneider (sie\/ihr)<\/span><\/p><p>\u00a0<\/p><p><span>Veronika hat sich im Studium mit Feminismen und rechten Anschlussf\u00e4higkeiten in gr\u00fcnen Diskursen andererseits besch\u00e4ftigt. Sie interessiert sich au\u00dferdem f\u00fcr Zuk\u00fcnfte, Systeme, Komplexit\u00e4t, Anarchismus, Soziale Innovation, Stonerrock und Islandpferde.\u00a0<\/span><\/p><p>Momentan in:<span> Berlin<\/span><\/p><p>Kontakt: <span>veronikaschneider (at) gmx.de<\/span><\/p>\",\r\n      \"align\": \"top\",\r\n      \"row\": 0,\r\n      \"col\": 6,\r\n      \"colspan\": 6,\r\n      \"offsetx\": 0,\r\n      \"offsety\": 0,\r\n      \"spaceabove\": 0,\r\n      \"spacebelow\": 0,\r\n      \"yvel\": 1,\r\n      \"push\": 6,\r\n      \"relid\": 5,\r\n      \"absolute_position\": false,\r\n      \"frameOverflow\": \"\"\r\n    }\r\n  ]\r\n}","phonegrid":"{\r\n  \"colCount\": 12,\r\n  \"colGutter\": 1,\r\n  \"rowGutters\": [],\r\n  \"frameMargin\": 5,\r\n  \"leftFrameMargin\": 5,\r\n  \"rightFrameMargin\": 5,\r\n  \"topFrameMargin\": 5,\r\n  \"bottomFrameMargin\": 7,\r\n  \"rowAttrs\": [\r\n    {\r\n      \"relid\": 6\r\n    }\r\n  ],\r\n  \"bgColor\": null,\r\n  \"bgImage\": null,\r\n  \"cont\": [\r\n    {\r\n      \"type\": \"text\",\r\n      \"cont\": \"<p class=\\\"_Subheadlines\\\"><span>Veronika Schneider (sie\/ihr)<\/span><\/p><p>\u00a0<\/p><p><span>Veronika hat sich im Studium mit Feminismen und rechten Anschlussf\u00e4higkeiten in gr\u00fcnen Diskursen andererseits besch\u00e4ftigt. Sie interessiert sich au\u00dferdem f\u00fcr Zuk\u00fcnfte, Systeme, Komplexit\u00e4t, Anarchismus, Soziale Innovation, Stonerrock und Islandpferde.\u00a0<\/span><\/p><p>Momentan in:<span> Berlin<\/span><\/p><p>Kontakt: <span>veronikaschneider (at) gmx.de<\/span><\/p>\",\r\n      \"align\": \"bottom\",\r\n      \"row\": 0,\r\n      \"col\": 0,\r\n      \"colspan\": 12,\r\n      \"offsetx\": 0,\r\n      \"offsety\": 0,\r\n      \"spaceabove\": 0,\r\n      \"spacebelow\": 0,\r\n      \"yvel\": 1,\r\n      \"push\": 0,\r\n      \"relid\": 5,\r\n      \"absolute_position\": false,\r\n      \"frameOverflow\": \"\"\r\n    }\r\n  ]\r\n}","_links":{"self":[{"href":"https:\/\/zukunftsarchiv.org\/en\/wp-json\/wp\/v2\/pages\/1228","targetHints":{"allow":["GET"]}}],"collection":[{"href":"https:\/\/zukunftsarchiv.org\/en\/wp-json\/wp\/v2\/pages"}],"about":[{"href":"https:\/\/zukunftsarchiv.org\/en\/wp-json\/wp\/v2\/types\/page"}],"author":[{"embeddable":true,"href":"https:\/\/zukunftsarchiv.org\/en\/wp-json\/wp\/v2\/users\/1"}],"replies":[{"embeddable":true,"href":"https:\/\/zukunftsarchiv.org\/en\/wp-json\/wp\/v2\/comments?post=1228"}],"version-history":[{"count":0,"href":"https:\/\/zukunftsarchiv.org\/en\/wp-json\/wp\/v2\/pages\/1228\/revisions"}],"wp:attachment":[{"href":"https:\/\/zukunftsarchiv.org\/en\/wp-json\/wp\/v2\/media?parent=1228"}],"curies":[{"name":"wp","href":"https:\/\/api.w.org\/{rel}","templated":true}]}}