{"id":1023,"date":"2023-01-09T22:40:45","date_gmt":"2023-01-09T22:40:45","guid":{"rendered":"https:\/\/zukunftsarchiv.org\/?page_id=1023"},"modified":"2025-07-16T20:16:18","modified_gmt":"2025-07-16T20:16:18","slug":"publikationen","status":"publish","type":"page","link":"https:\/\/zukunftsarchiv.org\/en\/publikationen\/","title":{"rendered":"Publikationen"},"content":{"rendered":"","protected":false},"excerpt":{"rendered":"","protected":false},"author":1,"featured_media":0,"parent":0,"menu_order":3,"comment_status":"closed","ping_status":"closed","template":"","meta":[],"class_list":["post-1023","page","type-page","status-publish","hentry"],"grid":"{\r\n  \"colCount\": 12,\r\n  \"colGutter\": 1,\r\n  \"rowGutters\": [\r\n    2,\r\n    2,\r\n    2,\r\n    2,\r\n    2,\r\n    2,\r\n    2,\r\n    2,\r\n    2,\r\n    2,\r\n    2\r\n  ],\r\n  \"frameMargin\": 5,\r\n  \"leftFrameMargin\": 17,\r\n  \"rightFrameMargin\": 3,\r\n  \"topFrameMargin\": 3,\r\n  \"bottomFrameMargin\": 7,\r\n  \"rowAttrs\": [\r\n    {\r\n      \"relid\": 12\r\n    },\r\n    {\r\n      \"relid\": 13\r\n    },\r\n    {\r\n      \"relid\": 50\r\n    },\r\n    {\r\n      \"relid\": 48\r\n    },\r\n    {\r\n      \"relid\": 15\r\n    },\r\n    {\r\n      \"relid\": 8\r\n    },\r\n    {\r\n      \"relid\": 20\r\n    },\r\n    {\r\n      \"relid\": 18\r\n    },\r\n    {\r\n      \"relid\": 14\r\n    },\r\n    {\r\n      \"relid\": 52\r\n    },\r\n    {\r\n      \"relid\": 26\r\n    },\r\n    {\r\n      \"relid\": 29\r\n    }\r\n  ],\r\n  \"bgColor\": null,\r\n  \"bgImage\": null,\r\n  \"cont\": [\r\n    {\r\n      \"type\": \"text\",\r\n      \"cont\": \"<h1 class=\\\"_Headline\\\">Publications\/<br \/>Zines\/ Material<\/h1>\",\r\n      \"align\": \"top\",\r\n      \"row\": 0,\r\n      \"col\": 0,\r\n      \"colspan\": 3,\r\n      \"offsetx\": 0,\r\n      \"offsety\": 0,\r\n      \"spaceabove\": 0,\r\n      \"spacebelow\": 0,\r\n      \"yvel\": 1,\r\n      \"push\": 0,\r\n      \"relid\": 25,\r\n      \"absolute_position\": false,\r\n      \"stickytop\": null\r\n    },\r\n    {\r\n      \"type\": \"vl\",\r\n      \"cont\": \"\",\r\n      \"align\": \"top\",\r\n      \"row\": 0,\r\n      \"col\": 3,\r\n      \"colspan\": 0,\r\n      \"offsetx\": 0,\r\n      \"offsety\": 0,\r\n      \"spaceabove\": 0,\r\n      \"spacebelow\": 0,\r\n      \"yvel\": 1,\r\n      \"push\": 3,\r\n      \"relid\": 5,\r\n      \"absolute_position\": true\r\n    },\r\n    {\r\n      \"type\": \"text\",\r\n      \"cont\": \"<p class=\\\"_Subheadlines\\\">Just send us an e-mail if you would like to receive printed copies!<\/p>\",\r\n      \"align\": \"top\",\r\n      \"row\": 1,\r\n      \"col\": 0,\r\n      \"colspan\": 3,\r\n      \"offsetx\": 0,\r\n      \"offsety\": 0,\r\n      \"spaceabove\": 1,\r\n      \"spacebelow\": 0,\r\n      \"yvel\": 1,\r\n      \"push\": 0,\r\n      \"relid\": 9,\r\n      \"absolute_position\": false,\r\n      \"stickytop\": null\r\n    },\r\n    {\r\n      \"type\": \"text\",\r\n      \"cont\": \"<p><a href=\\\"https:\/\/zukunftsarchiv.org\/tragetasche-fuer-feministische-zusammenarbeit\/\\\" data-id=\\\"1328\\\" data-title=\\\"Tragetasche f\u00fcr feministische Zusammenarbeit\\\" data-catid=\\\"[1,2]\\\" data-type=\\\"project\\\">\u00bbTragetasche f\u00fcr feministische Zusammenarbeiten\u00ab \/ \u00bbCarrier Bag for feminist Collaboration\u00ab<\/a><br \/>Zukunfts*archiv, 4. Auflage (2023), ISBN 978-3-00-075682-5<\/p>\",\r\n      \"align\": \"top\",\r\n      \"row\": 1,\r\n      \"col\": 4,\r\n      \"colspan\": 6,\r\n      \"offsetx\": 0,\r\n      \"offsety\": 0,\r\n      \"spaceabove\": 0,\r\n      \"spacebelow\": 0,\r\n      \"yvel\": 1,\r\n      \"push\": 1,\r\n      \"relid\": 4,\r\n      \"absolute_position\": false\r\n    },\r\n    {\r\n      \"type\": \"text\",\r\n      \"cont\": \"<p class=\\\"_SuisseMono\\\"><a class=\\\"laybutton1 laybutton\\\" rel=\\\"noopener\\\" href=\\\"https:\/\/zukunftsarchiv.org\/wp-content\/uploads\/2025\/07\/Zukunftsarchiv_Tragetasche.pdf\\\" target=\\\"_blank\\\">\u2193 PDF<\/a> <a class=\\\"laybutton1 laybutton\\\" href=\\\"mailto:mail@zukunftsarchiv.org\\\">\u2191 PRINT<\/a><\/p>\",\r\n      \"align\": \"top\",\r\n      \"row\": 1,\r\n      \"col\": 10,\r\n      \"colspan\": 2,\r\n      \"offsetx\": 0,\r\n      \"offsety\": 0,\r\n      \"spaceabove\": 0,\r\n      \"spacebelow\": 0,\r\n      \"yvel\": 1,\r\n      \"push\": 0,\r\n      \"relid\": 33,\r\n      \"absolute_position\": false,\r\n      \"frameOverflow\": \"right\"\r\n    },\r\n    {\r\n      \"type\": \"text\",\r\n      \"cont\": \"<p>\u00bbMACHT STADT SOLIDARISCH \u2013 Denkanst\u00f6\u00dfe f\u00fcr eine solidarische Urbane Praxis\u00ab<br \/>Miriam Kreuzer, Laura Awad, Sophia Streit, Urbane Liga (2022)<\/p>\",\r\n      \"align\": \"top\",\r\n      \"row\": 2,\r\n      \"col\": 4,\r\n      \"colspan\": 6,\r\n      \"offsetx\": 0,\r\n      \"offsety\": 0,\r\n      \"spaceabove\": 0,\r\n      \"spacebelow\": 0,\r\n      \"yvel\": 1,\r\n      \"push\": 4,\r\n      \"relid\": 7,\r\n      \"absolute_position\": false\r\n    },\r\n    {\r\n      \"type\": \"text\",\r\n      \"cont\": \"<p class=\\\"_SuisseMono\\\"><a class=\\\"laybutton1 laybutton\\\" rel=\\\"noopener\\\" href=\\\"https:\/\/urbane-liga.de\/wpfiles\/wp-content\/uploads\/2022\/05\/Macht_Stadt_Solidarisch_bf_Leseansicht.pdf\\\" target=\\\"_blank\\\">\u2193 PDF<\/a> <a class=\\\"laybutton1 laybutton\\\" href=\\\"mailto:mail@zukunftsarchiv.org\\\">\u2191 PRINT<\/a><\/p>\",\r\n      \"align\": \"top\",\r\n      \"row\": 2,\r\n      \"col\": 10,\r\n      \"colspan\": 2,\r\n      \"offsetx\": 0,\r\n      \"offsety\": 0,\r\n      \"spaceabove\": 0,\r\n      \"spacebelow\": 0,\r\n      \"yvel\": 1,\r\n      \"push\": 0,\r\n      \"relid\": 24,\r\n      \"absolute_position\": false,\r\n      \"frameOverflow\": \"right\"\r\n    },\r\n    {\r\n      \"type\": \"text\",\r\n      \"cont\": \"<p><span>\u00bbDenkansto\u00df f\u00fcr eine solidarische Urbane Praxis\u00ab, Werkzeug\/ Workshopmaterialien\/ Gespr\u00e4chsw\u00fcrfel (Laura Awad, Miriam Kreuzer, Sophia Streit)<\/span><\/p>\",\r\n      \"align\": \"top\",\r\n      \"row\": 3,\r\n      \"col\": 4,\r\n      \"colspan\": 6,\r\n      \"offsetx\": 0,\r\n      \"offsety\": 0,\r\n      \"spaceabove\": 0,\r\n      \"spacebelow\": 0,\r\n      \"yvel\": 1,\r\n      \"push\": 4,\r\n      \"relid\": 49,\r\n      \"absolute_position\": false\r\n    },\r\n    {\r\n      \"type\": \"text\",\r\n      \"cont\": \"<p class=\\\"_SuisseMono\\\"><a class=\\\"laybutton1 laybutton\\\" rel=\\\"noopener\\\" href=\\\"https:\/\/urbane-liga.de\/wpfiles\/wp-content\/uploads\/2022\/05\/Macht_Stadt_Solidarisch_bf_Leseansicht.pdf\\\" target=\\\"_blank\\\">\u2193 PDF<\/a> <a class=\\\"laybutton1 laybutton\\\" href=\\\"mailto:mail@zukunftsarchiv.org\\\">\u2191 PRINT<\/a><\/p>\",\r\n      \"align\": \"top\",\r\n      \"row\": 3,\r\n      \"col\": 10,\r\n      \"colspan\": 2,\r\n      \"offsetx\": 0,\r\n      \"offsety\": 0,\r\n      \"spaceabove\": 0,\r\n      \"spacebelow\": 0,\r\n      \"yvel\": 1,\r\n      \"push\": 0,\r\n      \"relid\": 53,\r\n      \"absolute_position\": false,\r\n      \"frameOverflow\": \"right\"\r\n    },\r\n    {\r\n      \"type\": \"text\",\r\n      \"cont\": \"<p><span>\u00bbRechte Anschlussf\u00e4higkeiten in gr\u00fcnen Diskursen\u00ab<br \/>Veronika Schneider, Masterarbeit (2022) <\/span><\/p>\",\r\n      \"align\": \"top\",\r\n      \"row\": 4,\r\n      \"col\": 4,\r\n      \"colspan\": 6,\r\n      \"offsetx\": 0,\r\n      \"offsety\": 0,\r\n      \"spaceabove\": 0,\r\n      \"spacebelow\": 0,\r\n      \"yvel\": 1,\r\n      \"push\": 4,\r\n      \"relid\": 16,\r\n      \"absolute_position\": false,\r\n      \"frameOverflow\": \"\"\r\n    },\r\n    {\r\n      \"type\": \"text\",\r\n      \"cont\": \"<p class=\\\"_SuisseMono\\\"><a class=\\\"laybutton1 laybutton\\\" href=\\\"mailto:mail@zukunftsarchiv.org\\\">\u2191 PRINT<\/a><\/p>\",\r\n      \"align\": \"top\",\r\n      \"row\": 4,\r\n      \"col\": 10,\r\n      \"colspan\": 2,\r\n      \"offsetx\": 0,\r\n      \"offsety\": 0,\r\n      \"spaceabove\": 0,\r\n      \"spacebelow\": 0,\r\n      \"yvel\": 1,\r\n      \"push\": 0,\r\n      \"relid\": 17,\r\n      \"absolute_position\": false,\r\n      \"frameOverflow\": \"right\"\r\n    },\r\n    {\r\n      \"type\": \"text\",\r\n      \"cont\": \"\",\r\n      \"align\": \"top\",\r\n      \"row\": 5,\r\n      \"col\": 4,\r\n      \"colspan\": 6,\r\n      \"offsetx\": 0,\r\n      \"offsety\": 0,\r\n      \"spaceabove\": 0,\r\n      \"spacebelow\": 0,\r\n      \"yvel\": 1,\r\n      \"push\": 4,\r\n      \"relid\": 32,\r\n      \"absolute_position\": false,\r\n      \"frameOverflow\": \"\"\r\n    },\r\n    {\r\n      \"type\": \"text\",\r\n      \"cont\": \"\",\r\n      \"align\": \"top\",\r\n      \"row\": 5,\r\n      \"col\": 10,\r\n      \"colspan\": 2,\r\n      \"offsetx\": 0,\r\n      \"offsety\": 0,\r\n      \"spaceabove\": 0,\r\n      \"spacebelow\": 0,\r\n      \"yvel\": 1,\r\n      \"push\": 0,\r\n      \"relid\": 6,\r\n      \"absolute_position\": false\r\n    },\r\n    {\r\n      \"type\": \"text\",\r\n      \"cont\": \"<p>\u00bbKompostieren im Lebendigkeitsnetz. Ein \u00f6kofeministischer Blick auf unser Verh\u00e4ltnis zum Boden.\u00ab<br \/>Pauline L\u00fcrig, OYA #66 (2022)<\/p>\",\r\n      \"align\": \"top\",\r\n      \"row\": 6,\r\n      \"col\": 4,\r\n      \"colspan\": 6,\r\n      \"offsetx\": 0,\r\n      \"offsety\": 0,\r\n      \"spaceabove\": 0,\r\n      \"spacebelow\": 0,\r\n      \"yvel\": 1,\r\n      \"push\": 4,\r\n      \"relid\": 22,\r\n      \"absolute_position\": false,\r\n      \"frameOverflow\": \"\"\r\n    },\r\n    {\r\n      \"type\": \"text\",\r\n      \"cont\": \"<p class=\\\"_SuisseMono\\\"><a class=\\\"laybutton1 laybutton\\\" rel=\\\"noopener\\\" href=\\\"https:\/\/lesen.oya-online.de\/texte\/3682-kompostieren-im-lebendigkeitsnetz.html\\\" target=\\\"_blank\\\">\u2197\ufe0e LINK<\/a><\/p>\",\r\n      \"align\": \"top\",\r\n      \"row\": 6,\r\n      \"col\": 10,\r\n      \"colspan\": 2,\r\n      \"offsetx\": 0,\r\n      \"offsety\": 0,\r\n      \"spaceabove\": 0,\r\n      \"spacebelow\": 0,\r\n      \"yvel\": 1,\r\n      \"push\": 0,\r\n      \"relid\": 23,\r\n      \"absolute_position\": false,\r\n      \"frameOverflow\": \"right\"\r\n    },\r\n    {\r\n      \"type\": \"text\",\r\n      \"cont\": \"<p><span>\u00bbFeministische Politische \u00d6kologie des Bodens. Gegenhegemoniale Perspektiven zur Transformation gesellschaftlicher Naturverh\u00e4ltnisse\u00ab<br \/><\/span><span>Pauline L\u00fcrig, Masterarbeit (2022)<\/span><\/p>\",\r\n      \"align\": \"top\",\r\n      \"row\": 7,\r\n      \"col\": 4,\r\n      \"colspan\": 6,\r\n      \"offsetx\": 0,\r\n      \"offsety\": 0,\r\n      \"spaceabove\": 0,\r\n      \"spacebelow\": 0,\r\n      \"yvel\": 1,\r\n      \"push\": 4,\r\n      \"relid\": 19,\r\n      \"absolute_position\": false,\r\n      \"frameOverflow\": \"\"\r\n    },\r\n    {\r\n      \"type\": \"text\",\r\n      \"cont\": \"<p class=\\\"_SuisseMono\\\"><a class=\\\"laybutton1 laybutton\\\" href=\\\"https:\/\/paulineluerig.de\/luerig-eine-feministische-oekologie-des-bodens.pdf\\\">\u2193 PDF<\/a><\/p>\",\r\n      \"align\": \"top\",\r\n      \"row\": 7,\r\n      \"col\": 10,\r\n      \"colspan\": 2,\r\n      \"offsetx\": 0,\r\n      \"offsety\": 0,\r\n      \"spaceabove\": 0,\r\n      \"spacebelow\": 0,\r\n      \"yvel\": 1,\r\n      \"push\": 0,\r\n      \"relid\": 21,\r\n      \"absolute_position\": false\r\n    },\r\n    {\r\n      \"type\": \"text\",\r\n      \"cont\": \"<p>\u00bbGemeinschafts\u00f6konomien fermentieren: Forno Vagabondo - ein mobiler sozialer Ofen zur Kultivierung \u00f6konomisch-\u00f6kologischer Verflechtungen\u00ab<br \/>Flora Mammana, Masterarbeit (2021)<\/p>\",\r\n      \"align\": \"top\",\r\n      \"row\": 8,\r\n      \"col\": 4,\r\n      \"colspan\": 6,\r\n      \"offsetx\": 0,\r\n      \"offsety\": 0,\r\n      \"spaceabove\": 0,\r\n      \"spacebelow\": 0,\r\n      \"yvel\": 1,\r\n      \"push\": 4,\r\n      \"relid\": 10,\r\n      \"absolute_position\": false\r\n    },\r\n    {\r\n      \"type\": \"text\",\r\n      \"cont\": \"<p class=\\\"_SuisseMono\\\"><a class=\\\"laybutton1 laybutton\\\" rel=\\\"noopener\\\" href=\\\"https:\/\/www.are.na\/share\/KEuaDcZ\\\" target=\\\"_blank\\\">\u2197\ufe0e LINK<\/a><\/p>\",\r\n      \"align\": \"top\",\r\n      \"row\": 8,\r\n      \"col\": 10,\r\n      \"colspan\": 2,\r\n      \"offsetx\": 0,\r\n      \"offsety\": 0,\r\n      \"spaceabove\": 0,\r\n      \"spacebelow\": 0,\r\n      \"yvel\": 1,\r\n      \"push\": 0,\r\n      \"relid\": 11,\r\n      \"absolute_position\": false,\r\n      \"frameOverflow\": \"right\"\r\n    },\r\n    {\r\n      \"type\": \"text\",\r\n      \"cont\": \"<p><span>\u00bbSorgendes Quartier - Eine Care-Perspektive auf Stadtgestaltung\u00ab, Werkzeug\/ Faltblatt (Miriam Kreuzer)<\/span><\/p>\",\r\n      \"align\": \"top\",\r\n      \"row\": 9,\r\n      \"col\": 4,\r\n      \"colspan\": 6,\r\n      \"offsetx\": 0,\r\n      \"offsety\": 0,\r\n      \"spaceabove\": 0,\r\n      \"spacebelow\": 0,\r\n      \"yvel\": 1,\r\n      \"push\": 4,\r\n      \"relid\": 51,\r\n      \"absolute_position\": false\r\n    },\r\n    {\r\n      \"type\": \"text\",\r\n      \"cont\": \"<p class=\\\"_SuisseMono\\\"><a class=\\\"laybutton1 laybutton\\\" rel=\\\"noopener\\\" href=\\\"https:\/\/urbane-liga.de\/wpfiles\/wp-content\/uploads\/2022\/05\/Macht_Stadt_Solidarisch_bf_Leseansicht.pdf\\\" target=\\\"_blank\\\">\u2193 PDF<\/a> <a class=\\\"laybutton1 laybutton\\\" href=\\\"mailto:mail@zukunftsarchiv.org\\\">\u2191 PRINT<\/a><\/p>\",\r\n      \"align\": \"top\",\r\n      \"row\": 9,\r\n      \"col\": 10,\r\n      \"colspan\": 2,\r\n      \"offsetx\": 0,\r\n      \"offsety\": 0,\r\n      \"spaceabove\": 0,\r\n      \"spacebelow\": 0,\r\n      \"yvel\": 1,\r\n      \"push\": 0,\r\n      \"relid\": 55,\r\n      \"absolute_position\": false,\r\n      \"frameOverflow\": \"right\"\r\n    },\r\n    {\r\n      \"type\": \"text\",\r\n      \"cont\": \"<p><span>\u00bbGegenreden\u00ab (Veronika Schneider und Jakob Hubmann)<br \/>in \u00bbLechts und Rinks: Eine Auseinandersetzung mit dem Design der neuen Rechten\u00ab (Michelle Christensen, Jesko Fezer, Bianca Herlo, Daniel Hornuff, Gesche Joost), Adocs Verlag, 2020<\/span><\/p>\",\r\n      \"align\": \"top\",\r\n      \"row\": 10,\r\n      \"col\": 4,\r\n      \"colspan\": 6,\r\n      \"offsetx\": 0,\r\n      \"offsety\": 0,\r\n      \"spaceabove\": 0,\r\n      \"spacebelow\": 0,\r\n      \"yvel\": 1,\r\n      \"push\": 4,\r\n      \"relid\": 27,\r\n      \"absolute_position\": false\r\n    },\r\n    {\r\n      \"type\": \"text\",\r\n      \"cont\": \"<p class=\\\"_SuisseMono\\\"><a class=\\\"laybutton1 laybutton\\\" rel=\\\"noopener\\\" href=\\\"https:\/\/adocs.de\/de\/buecher\/design\/lechts-und-rinks\\\" target=\\\"_blank\\\">\u2197\ufe0e LINK<\/a><\/p>\",\r\n      \"align\": \"top\",\r\n      \"row\": 10,\r\n      \"col\": 10,\r\n      \"colspan\": 2,\r\n      \"offsetx\": 0,\r\n      \"offsety\": 0,\r\n      \"spaceabove\": 0,\r\n      \"spacebelow\": 0,\r\n      \"yvel\": 1,\r\n      \"push\": 0,\r\n      \"relid\": 28,\r\n      \"absolute_position\": false,\r\n      \"frameOverflow\": \"right\"\r\n    },\r\n    {\r\n      \"type\": \"text\",\r\n      \"cont\": \"<p><span>\u00bbGegenreden\u00ab Website zum Projekt mit Wandzeitungen zum Download (wird nicht mehr aktualisiert), Veronika Schneider + Jakob Hubmann<\/span><\/p>\",\r\n      \"align\": \"top\",\r\n      \"row\": 11,\r\n      \"col\": 4,\r\n      \"colspan\": 6,\r\n      \"offsetx\": 0,\r\n      \"offsety\": 0,\r\n      \"spaceabove\": 0,\r\n      \"spacebelow\": 0,\r\n      \"yvel\": 1,\r\n      \"push\": 4,\r\n      \"relid\": 30,\r\n      \"absolute_position\": false\r\n    },\r\n    {\r\n      \"type\": \"text\",\r\n      \"cont\": \"<p class=\\\"_SuisseMono\\\"><a class=\\\"laybutton1 laybutton\\\" rel=\\\"noopener\\\" href=\\\"http:\/\/www.gegenreden.de\\\" target=\\\"_blank\\\">\u2197\ufe0e LINK<\/a><\/p>\",\r\n      \"align\": \"top\",\r\n      \"row\": 11,\r\n      \"col\": 10,\r\n      \"colspan\": 2,\r\n      \"offsetx\": 0,\r\n      \"offsety\": 0,\r\n      \"spaceabove\": 0,\r\n      \"spacebelow\": 0,\r\n      \"yvel\": 1,\r\n      \"push\": 0,\r\n      \"relid\": 31,\r\n      \"absolute_position\": false,\r\n      \"frameOverflow\": \"right\"\r\n    }\r\n  ]\r\n}","phonegrid":"","_links":{"self":[{"href":"https:\/\/zukunftsarchiv.org\/en\/wp-json\/wp\/v2\/pages\/1023","targetHints":{"allow":["GET"]}}],"collection":[{"href":"https:\/\/zukunftsarchiv.org\/en\/wp-json\/wp\/v2\/pages"}],"about":[{"href":"https:\/\/zukunftsarchiv.org\/en\/wp-json\/wp\/v2\/types\/page"}],"author":[{"embeddable":true,"href":"https:\/\/zukunftsarchiv.org\/en\/wp-json\/wp\/v2\/users\/1"}],"replies":[{"embeddable":true,"href":"https:\/\/zukunftsarchiv.org\/en\/wp-json\/wp\/v2\/comments?post=1023"}],"version-history":[{"count":0,"href":"https:\/\/zukunftsarchiv.org\/en\/wp-json\/wp\/v2\/pages\/1023\/revisions"}],"wp:attachment":[{"href":"https:\/\/zukunftsarchiv.org\/en\/wp-json\/wp\/v2\/media?parent=1023"}],"curies":[{"name":"wp","href":"https:\/\/api.w.org\/{rel}","templated":true}]}}